{"id":6103,"date":"2026-02-01T10:25:14","date_gmt":"2026-02-01T10:25:14","guid":{"rendered":"http:\/\/manuelrainha.pt\/en\/product\/bag-in-box-vinho-de-cheiro-boa-pinga-5l\/"},"modified":"2026-02-01T10:25:22","modified_gmt":"2026-02-01T10:25:22","slug":"bag-in-box-wine","status":"publish","type":"product","link":"https:\/\/manuelrainha.pt\/en\/product\/bag-in-box-wine\/","title":{"rendered":"Bag-in-Box Vinho de Cheiro &#8220;Boa Pinga&#8221; 5L"},"content":{"rendered":"<p>Vinho produzido na Ilha de S\u00e3o Miguel, com uvas da variedade <em>Vitis Labrusca<\/em>. Produz um vinho muito arom\u00e1tico, leve, de gradua\u00e7\u00e3o alco\u00f3lico baixa. Este vinho conhecido como vinho de cheiro ou vinho americano encontra-se enraizado na cultura A\u00e7oriana, como as festas em louvor do Divino Esp\u00edrito Santo, na gastronomia quando utilizado na confe\u00e7\u00e3o de pratos t\u00edpicos e na agricultura, pela forma \u00fanica como as vinhas s\u00e3o conduzidas junto ao ch\u00e3o, para evitar os ventos fortes mar\u00edtimos. Terras de Bruma \u00e9 um vinho de cheiro \u00fanico que resulta da produ\u00e7\u00e3o de vinha ainda existente sobretudo no concelho de Vila Franca do Campo. Este formato \u00e9 ideal para consumidores di\u00e1rios. \u00c9 um vinho para consumo regular.<\/p>\n","protected":false},"excerpt":{"rendered":"<p>Vinho produzido na Ilha de S\u00e3o Miguel, com uvas da variedade Vitis Labrusca. Produz um vinho muito arom\u00e1tico, leve, de gradua\u00e7\u00e3o alco\u00f3lico baixa. Este vinho conhecido como vinho de cheiro [&hellip;]<\/p>\n","protected":false},"featured_media":9683,"template":"","meta":[],"product_marca":[108],"product_location":[151],"yoast_head":"<!-- This site is optimized with the Yoast SEO plugin v15.7 - https:\/\/yoast.com\/wordpress\/plugins\/seo\/ -->\n<title>Bag-in-box wine &quot;Boa Pinga&quot; 5L - Manuel Francisco Simas Rainha<\/title>\n<meta name=\"description\" content=\"Our Bag-in-box wine is produced on the island of S\u00e3o Miguel, with grapes of the Vitis Labrusca variety. It is a very aromatic wine.\" \/>\n<meta name=\"robots\" content=\"index, follow, max-snippet:-1, max-image-preview:large, max-video-preview:-1\" \/>\n<link rel=\"canonical\" href=\"https:\/\/manuelrainha.pt\/product\/bag-in-box\/\" \/>\n<meta property=\"og:locale\" content=\"en_US\" \/>\n<meta property=\"og:type\" content=\"article\" \/>\n<meta property=\"og:title\" content=\"Bag-in-box wine &quot;Boa Pinga&quot; 5L - Manuel Francisco Simas Rainha\" \/>\n<meta property=\"og:description\" content=\"Our Bag-in-box wine is produced on the island of S\u00e3o Miguel, with grapes of the Vitis Labrusca variety. It is a very aromatic wine.\" \/>\n<meta property=\"og:url\" content=\"https:\/\/manuelrainha.pt\/product\/bag-in-box\/\" \/>\n<meta property=\"og:site_name\" content=\"Manuel Francisco Simas Rainha\" \/>\n<meta property=\"article:modified_time\" content=\"2026-02-01T10:25:22+00:00\" \/>\n<meta property=\"og:image\" content=\"https:\/\/manuelrainha.pt\/wp-content\/uploads\/imagens\/164-683x1024.png\" \/>\n\t<meta property=\"og:image:width\" content=\"683\" \/>\n\t<meta property=\"og:image:height\" content=\"1024\" \/>\n<meta name=\"twitter:card\" content=\"summary_large_image\" \/>\n<meta name=\"twitter:label1\" content=\"Est. reading time\">\n\t<meta name=\"twitter:data1\" content=\"1 minuto\">\n<script type=\"application\/ld+json\" class=\"yoast-schema-graph\">{\"@context\":\"https:\/\/schema.org\",\"@graph\":[{\"@type\":\"WebSite\",\"@id\":\"https:\/\/manuelrainha.pt\/#website\",\"url\":\"https:\/\/manuelrainha.pt\/\",\"name\":\"Manuel Francisco Simas Rainha\",\"description\":\"\",\"potentialAction\":[{\"@type\":\"SearchAction\",\"target\":\"https:\/\/manuelrainha.pt\/?s={search_term_string}\",\"query-input\":\"required name=search_term_string\"}],\"inLanguage\":\"pt-PT\"},{\"@type\":\"ImageObject\",\"@id\":\"https:\/\/manuelrainha.pt\/product\/bag-in-box\/#primaryimage\",\"inLanguage\":\"pt-PT\",\"url\":\"https:\/\/manuelrainha.pt\/wp-content\/uploads\/imagens\/164.png\",\"width\":4000,\"height\":6000},{\"@type\":\"WebPage\",\"@id\":\"https:\/\/manuelrainha.pt\/product\/bag-in-box\/#webpage\",\"url\":\"https:\/\/manuelrainha.pt\/product\/bag-in-box\/\",\"name\":\"Bag-in-box wine \\\"Boa Pinga\\\" 5L - Manuel Francisco Simas Rainha\",\"isPartOf\":{\"@id\":\"https:\/\/manuelrainha.pt\/#website\"},\"primaryImageOfPage\":{\"@id\":\"https:\/\/manuelrainha.pt\/product\/bag-in-box\/#primaryimage\"},\"datePublished\":\"2026-02-01T10:25:14+00:00\",\"dateModified\":\"2026-02-01T10:25:22+00:00\",\"description\":\"Our Bag-in-box wine is produced on the island of S\\u00e3o Miguel, with grapes of the Vitis Labrusca variety. It is a very aromatic wine.\",\"inLanguage\":\"pt-PT\",\"potentialAction\":[{\"@type\":\"ReadAction\",\"target\":[\"https:\/\/manuelrainha.pt\/product\/bag-in-box\/\"]}]}]}<\/script>\n<!-- \/ Yoast SEO plugin. -->","_links":{"self":[{"href":"https:\/\/manuelrainha.pt\/en\/wp-json\/wp\/v2\/product\/6103"}],"collection":[{"href":"https:\/\/manuelrainha.pt\/en\/wp-json\/wp\/v2\/product"}],"about":[{"href":"https:\/\/manuelrainha.pt\/en\/wp-json\/wp\/v2\/types\/product"}],"wp:featuredmedia":[{"embeddable":true,"href":"https:\/\/manuelrainha.pt\/en\/wp-json\/wp\/v2\/media\/9683"}],"wp:attachment":[{"href":"https:\/\/manuelrainha.pt\/en\/wp-json\/wp\/v2\/media?parent=6103"}],"wp:term":[{"taxonomy":"product_marca","embeddable":true,"href":"https:\/\/manuelrainha.pt\/en\/wp-json\/wp\/v2\/product_marca?post=6103"},{"taxonomy":"product_location","embeddable":true,"href":"https:\/\/manuelrainha.pt\/en\/wp-json\/wp\/v2\/product_location?post=6103"}],"curies":[{"name":"wp","href":"https:\/\/api.w.org\/{rel}","templated":true}]}}