{"id":6109,"date":"2026-01-08T12:25:22","date_gmt":"2026-01-08T12:25:22","guid":{"rendered":"http:\/\/manuelrainha.pt\/en\/product\/licor-de-amora-manuel-rainha-70-cl-20\/"},"modified":"2026-01-08T12:25:28","modified_gmt":"2026-01-08T12:25:28","slug":"blackberry-liqueur","status":"publish","type":"product","link":"https:\/\/manuelrainha.pt\/en\/product\/blackberry-liqueur\/","title":{"rendered":"Licor de Amora Manuel Rainha 70 cl 20%"},"content":{"rendered":"<p>A amora silvestres (R<i>ubus fruticosus<\/i>\u00a0<a class=\"mw-redirect\" title=\"L.\" href=\"https:\/\/pt.wikipedia.org\/wiki\/L.\">L.<\/a>) \u00e9 um fruto t\u00edpico na paisagem da Ilha de S\u00e3o Miguel em terrenos incultos e em trilhos para quem nos visita nos meses dos Ver\u00e3o. O licor de amora \u00e9 produzido a partir de amoras frescas cuidadosamente selecionadas. \u00c9 um licor intenso, encorpado de cor vermelho escuro que ap\u00f3s envelhecimento apresenta tons de caramelo.<\/p>\n","protected":false},"excerpt":{"rendered":"<p>A amora silvestres (Rubus fruticosus\u00a0L.) \u00e9 um fruto t\u00edpico na paisagem da Ilha de S\u00e3o Miguel em terrenos incultos e em trilhos para quem nos visita nos meses dos Ver\u00e3o. [&hellip;]<\/p>\n","protected":false},"featured_media":9498,"template":"","meta":[],"product_marca":[115],"product_location":[151],"yoast_head":"<!-- This site is optimized with the Yoast SEO plugin v15.7 - https:\/\/yoast.com\/wordpress\/plugins\/seo\/ -->\n<title>Blackberry liqueur 70cl - Manuel Francisco Simas Rainha<\/title>\n<meta name=\"description\" content=\"Blackberry liqueur is produced from carefully selected fresh blackberries. It is an intense and very tasty liquor.\" \/>\n<meta name=\"robots\" content=\"index, follow, max-snippet:-1, max-image-preview:large, max-video-preview:-1\" \/>\n<link rel=\"canonical\" href=\"https:\/\/manuelrainha.pt\/product\/licor-de-amora\/\" \/>\n<meta property=\"og:locale\" content=\"en_US\" \/>\n<meta property=\"og:type\" content=\"article\" \/>\n<meta property=\"og:title\" content=\"Blackberry liqueur 70cl - Manuel Francisco Simas Rainha\" \/>\n<meta property=\"og:description\" content=\"Blackberry liqueur is produced from carefully selected fresh blackberries. It is an intense and very tasty liquor.\" \/>\n<meta property=\"og:url\" content=\"https:\/\/manuelrainha.pt\/product\/licor-de-amora\/\" \/>\n<meta property=\"og:site_name\" content=\"Manuel Francisco Simas Rainha\" \/>\n<meta property=\"article:modified_time\" content=\"2026-01-08T12:25:28+00:00\" \/>\n<meta property=\"og:image\" content=\"https:\/\/manuelrainha.pt\/wp-content\/uploads\/imagens\/25-683x1024.png\" \/>\n\t<meta property=\"og:image:width\" content=\"683\" \/>\n\t<meta property=\"og:image:height\" content=\"1024\" \/>\n<meta name=\"twitter:card\" content=\"summary_large_image\" \/>\n<script type=\"application\/ld+json\" class=\"yoast-schema-graph\">{\"@context\":\"https:\/\/schema.org\",\"@graph\":[{\"@type\":\"WebSite\",\"@id\":\"https:\/\/manuelrainha.pt\/#website\",\"url\":\"https:\/\/manuelrainha.pt\/\",\"name\":\"Manuel Francisco Simas Rainha\",\"description\":\"\",\"potentialAction\":[{\"@type\":\"SearchAction\",\"target\":\"https:\/\/manuelrainha.pt\/?s={search_term_string}\",\"query-input\":\"required name=search_term_string\"}],\"inLanguage\":\"pt-PT\"},{\"@type\":\"ImageObject\",\"@id\":\"https:\/\/manuelrainha.pt\/product\/licor-de-amora\/#primaryimage\",\"inLanguage\":\"pt-PT\",\"url\":\"https:\/\/manuelrainha.pt\/wp-content\/uploads\/imagens\/25.png\",\"width\":4000,\"height\":6000},{\"@type\":\"WebPage\",\"@id\":\"https:\/\/manuelrainha.pt\/product\/licor-de-amora\/#webpage\",\"url\":\"https:\/\/manuelrainha.pt\/product\/licor-de-amora\/\",\"name\":\"Blackberry liqueur 70cl - Manuel Francisco Simas Rainha\",\"isPartOf\":{\"@id\":\"https:\/\/manuelrainha.pt\/#website\"},\"primaryImageOfPage\":{\"@id\":\"https:\/\/manuelrainha.pt\/product\/licor-de-amora\/#primaryimage\"},\"datePublished\":\"2026-01-08T12:25:22+00:00\",\"dateModified\":\"2026-01-08T12:25:28+00:00\",\"description\":\"Blackberry liqueur is produced from carefully selected fresh blackberries. It is an intense and very tasty liquor.\",\"inLanguage\":\"pt-PT\",\"potentialAction\":[{\"@type\":\"ReadAction\",\"target\":[\"https:\/\/manuelrainha.pt\/product\/licor-de-amora\/\"]}]}]}<\/script>\n<!-- \/ Yoast SEO plugin. -->","_links":{"self":[{"href":"https:\/\/manuelrainha.pt\/en\/wp-json\/wp\/v2\/product\/6109"}],"collection":[{"href":"https:\/\/manuelrainha.pt\/en\/wp-json\/wp\/v2\/product"}],"about":[{"href":"https:\/\/manuelrainha.pt\/en\/wp-json\/wp\/v2\/types\/product"}],"wp:featuredmedia":[{"embeddable":true,"href":"https:\/\/manuelrainha.pt\/en\/wp-json\/wp\/v2\/media\/9498"}],"wp:attachment":[{"href":"https:\/\/manuelrainha.pt\/en\/wp-json\/wp\/v2\/media?parent=6109"}],"wp:term":[{"taxonomy":"product_marca","embeddable":true,"href":"https:\/\/manuelrainha.pt\/en\/wp-json\/wp\/v2\/product_marca?post=6109"},{"taxonomy":"product_location","embeddable":true,"href":"https:\/\/manuelrainha.pt\/en\/wp-json\/wp\/v2\/product_location?post=6109"}],"curies":[{"name":"wp","href":"https:\/\/api.w.org\/{rel}","templated":true}]}}