{"id":6115,"date":"2026-01-08T12:25:12","date_gmt":"2026-01-08T12:25:12","guid":{"rendered":"http:\/\/manuelrainha.pt\/en\/product\/licor-de-tangerina-manuel-rainha-70-cl-25\/"},"modified":"2026-01-08T12:25:19","modified_gmt":"2026-01-08T12:25:19","slug":"tangerine-liqueur","status":"publish","type":"product","link":"https:\/\/manuelrainha.pt\/en\/product\/tangerine-liqueur\/","title":{"rendered":"Licor de Tangerina Manuel Rainha 70 cl 25%"},"content":{"rendered":"<p>A tangerina nos A\u00e7ores \u00e9 o fruto do Natal. N\u00e3o h\u00e1 nenhuma casa que n\u00e3o a tenha e n\u00e3o h\u00e1 nenhum A\u00e7oriano que n\u00e3o queira um bom licor de tangerina na quadra festiva. \u00c9 o licor da &#8220;festa&#8221;. Licor de tangerina Manuel Rainha \u00e9 o produto que todos dizem ser um &#8220;licor caseiro&#8221;, feito \u00e0 moda antiga, tal como era feito pelos pais e pelos av\u00f3s. Com um sabor fresco, intenso e predominante de tangerina \u00e9 um licor apetec\u00edvel para qualquer apreciador de licores de citrinos.<\/p>\n","protected":false},"excerpt":{"rendered":"<p>A tangerina nos A\u00e7ores \u00e9 o fruto do Natal. N\u00e3o h\u00e1 nenhuma casa que n\u00e3o a tenha e n\u00e3o h\u00e1 nenhum A\u00e7oriano que n\u00e3o queira um bom licor de tangerina [&hellip;]<\/p>\n","protected":false},"featured_media":9489,"template":"","meta":[],"product_marca":[115],"product_location":[151],"yoast_head":"<!-- This site is optimized with the Yoast SEO plugin v15.7 - https:\/\/yoast.com\/wordpress\/plugins\/seo\/ -->\n<title>Tangerine liqueur 70cl - Manuel Francisco Simas Rainha<\/title>\n<meta name=\"description\" content=\"The tangerine liqueur is mainly appreciated in the Christmas season. It is an old-fashioned liqueur, with a fresh and intense flavor.\" \/>\n<meta name=\"robots\" content=\"index, follow, max-snippet:-1, max-image-preview:large, max-video-preview:-1\" \/>\n<link rel=\"canonical\" href=\"https:\/\/manuelrainha.pt\/product\/licor-de-tangerina\/\" \/>\n<meta property=\"og:locale\" content=\"en_US\" \/>\n<meta property=\"og:type\" content=\"article\" \/>\n<meta property=\"og:title\" content=\"Tangerine liqueur 70cl - Manuel Francisco Simas Rainha\" \/>\n<meta property=\"og:description\" content=\"The tangerine liqueur is mainly appreciated in the Christmas season. It is an old-fashioned liqueur, with a fresh and intense flavor.\" \/>\n<meta property=\"og:url\" content=\"https:\/\/manuelrainha.pt\/product\/licor-de-tangerina\/\" \/>\n<meta property=\"og:site_name\" content=\"Manuel Francisco Simas Rainha\" \/>\n<meta property=\"article:modified_time\" content=\"2026-01-08T12:25:19+00:00\" \/>\n<meta property=\"og:image\" content=\"https:\/\/manuelrainha.pt\/wp-content\/uploads\/imagens\/28-683x1024.png\" \/>\n\t<meta property=\"og:image:width\" content=\"683\" \/>\n\t<meta property=\"og:image:height\" content=\"1024\" \/>\n<meta name=\"twitter:card\" content=\"summary_large_image\" \/>\n<script type=\"application\/ld+json\" class=\"yoast-schema-graph\">{\"@context\":\"https:\/\/schema.org\",\"@graph\":[{\"@type\":\"WebSite\",\"@id\":\"https:\/\/manuelrainha.pt\/#website\",\"url\":\"https:\/\/manuelrainha.pt\/\",\"name\":\"Manuel Francisco Simas Rainha\",\"description\":\"\",\"potentialAction\":[{\"@type\":\"SearchAction\",\"target\":\"https:\/\/manuelrainha.pt\/?s={search_term_string}\",\"query-input\":\"required name=search_term_string\"}],\"inLanguage\":\"pt-PT\"},{\"@type\":\"ImageObject\",\"@id\":\"https:\/\/manuelrainha.pt\/product\/licor-de-tangerina\/#primaryimage\",\"inLanguage\":\"pt-PT\",\"url\":\"https:\/\/manuelrainha.pt\/wp-content\/uploads\/imagens\/28.png\",\"width\":4000,\"height\":6000},{\"@type\":\"WebPage\",\"@id\":\"https:\/\/manuelrainha.pt\/product\/licor-de-tangerina\/#webpage\",\"url\":\"https:\/\/manuelrainha.pt\/product\/licor-de-tangerina\/\",\"name\":\"Tangerine liqueur 70cl - Manuel Francisco Simas Rainha\",\"isPartOf\":{\"@id\":\"https:\/\/manuelrainha.pt\/#website\"},\"primaryImageOfPage\":{\"@id\":\"https:\/\/manuelrainha.pt\/product\/licor-de-tangerina\/#primaryimage\"},\"datePublished\":\"2026-01-08T12:25:12+00:00\",\"dateModified\":\"2026-01-08T12:25:19+00:00\",\"description\":\"The tangerine liqueur is mainly appreciated in the Christmas season. It is an old-fashioned liqueur, with a fresh and intense flavor.\",\"inLanguage\":\"pt-PT\",\"potentialAction\":[{\"@type\":\"ReadAction\",\"target\":[\"https:\/\/manuelrainha.pt\/product\/licor-de-tangerina\/\"]}]}]}<\/script>\n<!-- \/ Yoast SEO plugin. -->","_links":{"self":[{"href":"https:\/\/manuelrainha.pt\/en\/wp-json\/wp\/v2\/product\/6115"}],"collection":[{"href":"https:\/\/manuelrainha.pt\/en\/wp-json\/wp\/v2\/product"}],"about":[{"href":"https:\/\/manuelrainha.pt\/en\/wp-json\/wp\/v2\/types\/product"}],"wp:featuredmedia":[{"embeddable":true,"href":"https:\/\/manuelrainha.pt\/en\/wp-json\/wp\/v2\/media\/9489"}],"wp:attachment":[{"href":"https:\/\/manuelrainha.pt\/en\/wp-json\/wp\/v2\/media?parent=6115"}],"wp:term":[{"taxonomy":"product_marca","embeddable":true,"href":"https:\/\/manuelrainha.pt\/en\/wp-json\/wp\/v2\/product_marca?post=6115"},{"taxonomy":"product_location","embeddable":true,"href":"https:\/\/manuelrainha.pt\/en\/wp-json\/wp\/v2\/product_location?post=6115"}],"curies":[{"name":"wp","href":"https:\/\/api.w.org\/{rel}","templated":true}]}}