{"id":6133,"date":"2026-01-08T12:25:02","date_gmt":"2026-01-08T12:25:02","guid":{"rendered":"http:\/\/manuelrainha.pt\/en\/product\/licor-de-maracuja-regional-m-rainha-20-70cl\/"},"modified":"2026-01-08T12:25:09","modified_gmt":"2026-01-08T12:25:09","slug":"passion-fruit-liqueur-azores","status":"publish","type":"product","link":"https:\/\/manuelrainha.pt\/en\/product\/passion-fruit-liqueur-azores\/","title":{"rendered":"Licor de Maracuj\u00e1 Manuel Rainha 20% 70cl"},"content":{"rendered":"<p>O maracuj\u00e1 roxo dos A\u00e7ores (<em>Passiflora edulis Sims<\/em>.) \u00e9 um fruto ex-libris, produzido na regi\u00e3o de acordo com rigorosas especifica\u00e7\u00f5es que lhe conferem caracter\u00edsiticas \u00fanicas em termos de sabor e aroma. \u00c9 um fruto DOP (Denomina\u00e7\u00e3o de Origem Controlada) que para al\u00e9m de ser consumido fresco tamb\u00e9m permite pela utiliza\u00e7\u00e3o da sua polpa confecionar um licor sem igual em todo o mundo. O licor de maracuj\u00e1 Manuel Rainha \u00e9 um licor produzido com maracuj\u00e1 certificado DOP de S\u00e3o Miguel. Este licor \u00e9 sem d\u00favida uma das refer\u00eancias da cultura da regi\u00e3o e este vai deix\u00e1-lo a desejar por mais.<\/p>\n","protected":false},"excerpt":{"rendered":"<p>O maracuj\u00e1 roxo dos A\u00e7ores (Passiflora edulis Sims.) \u00e9 um fruto ex-libris, produzido na regi\u00e3o de acordo com rigorosas especifica\u00e7\u00f5es que lhe conferem caracter\u00edsiticas \u00fanicas em termos de sabor e [&hellip;]<\/p>\n","protected":false},"featured_media":9480,"template":"","meta":[],"product_marca":[115],"product_location":[151],"yoast_head":"<!-- This site is optimized with the Yoast SEO plugin v15.7 - https:\/\/yoast.com\/wordpress\/plugins\/seo\/ -->\n<title>Passion fruit liqueur Azores 70cl - Manuel Francisco Simas Rainha<\/title>\n<meta name=\"description\" content=\"Passion fruit liqueur is produced with the best passion fruit from the Azores. It is one of the cultural references, try it!\" \/>\n<meta name=\"robots\" content=\"index, follow, max-snippet:-1, max-image-preview:large, max-video-preview:-1\" \/>\n<link rel=\"canonical\" href=\"https:\/\/manuelrainha.pt\/product\/licor-de-maracuja\/\" \/>\n<meta property=\"og:locale\" content=\"en_US\" \/>\n<meta property=\"og:type\" content=\"article\" \/>\n<meta property=\"og:title\" content=\"Passion fruit liqueur Azores 70cl - Manuel Francisco Simas Rainha\" \/>\n<meta property=\"og:description\" content=\"Passion fruit liqueur is produced with the best passion fruit from the Azores. It is one of the cultural references, try it!\" \/>\n<meta property=\"og:url\" content=\"https:\/\/manuelrainha.pt\/product\/licor-de-maracuja\/\" \/>\n<meta property=\"og:site_name\" content=\"Manuel Francisco Simas Rainha\" \/>\n<meta property=\"article:modified_time\" content=\"2026-01-08T12:25:09+00:00\" \/>\n<meta property=\"og:image\" content=\"https:\/\/manuelrainha.pt\/wp-content\/uploads\/imagens\/31-683x1024.png\" \/>\n\t<meta property=\"og:image:width\" content=\"683\" \/>\n\t<meta property=\"og:image:height\" content=\"1024\" \/>\n<meta name=\"twitter:card\" content=\"summary_large_image\" \/>\n<meta name=\"twitter:label1\" content=\"Est. reading time\">\n\t<meta name=\"twitter:data1\" content=\"1 minuto\">\n<script type=\"application\/ld+json\" class=\"yoast-schema-graph\">{\"@context\":\"https:\/\/schema.org\",\"@graph\":[{\"@type\":\"WebSite\",\"@id\":\"https:\/\/manuelrainha.pt\/#website\",\"url\":\"https:\/\/manuelrainha.pt\/\",\"name\":\"Manuel Francisco Simas Rainha\",\"description\":\"\",\"potentialAction\":[{\"@type\":\"SearchAction\",\"target\":\"https:\/\/manuelrainha.pt\/?s={search_term_string}\",\"query-input\":\"required name=search_term_string\"}],\"inLanguage\":\"pt-PT\"},{\"@type\":\"ImageObject\",\"@id\":\"https:\/\/manuelrainha.pt\/product\/licor-de-maracuja\/#primaryimage\",\"inLanguage\":\"pt-PT\",\"url\":\"https:\/\/manuelrainha.pt\/wp-content\/uploads\/imagens\/31.png\",\"width\":4000,\"height\":6000},{\"@type\":\"WebPage\",\"@id\":\"https:\/\/manuelrainha.pt\/product\/licor-de-maracuja\/#webpage\",\"url\":\"https:\/\/manuelrainha.pt\/product\/licor-de-maracuja\/\",\"name\":\"Passion fruit liqueur Azores 70cl - Manuel Francisco Simas Rainha\",\"isPartOf\":{\"@id\":\"https:\/\/manuelrainha.pt\/#website\"},\"primaryImageOfPage\":{\"@id\":\"https:\/\/manuelrainha.pt\/product\/licor-de-maracuja\/#primaryimage\"},\"datePublished\":\"2026-01-08T12:25:02+00:00\",\"dateModified\":\"2026-01-08T12:25:09+00:00\",\"description\":\"Passion fruit liqueur is produced with the best passion fruit from the Azores. It is one of the cultural references, try it!\",\"inLanguage\":\"pt-PT\",\"potentialAction\":[{\"@type\":\"ReadAction\",\"target\":[\"https:\/\/manuelrainha.pt\/product\/licor-de-maracuja\/\"]}]}]}<\/script>\n<!-- \/ Yoast SEO plugin. -->","_links":{"self":[{"href":"https:\/\/manuelrainha.pt\/en\/wp-json\/wp\/v2\/product\/6133"}],"collection":[{"href":"https:\/\/manuelrainha.pt\/en\/wp-json\/wp\/v2\/product"}],"about":[{"href":"https:\/\/manuelrainha.pt\/en\/wp-json\/wp\/v2\/types\/product"}],"wp:featuredmedia":[{"embeddable":true,"href":"https:\/\/manuelrainha.pt\/en\/wp-json\/wp\/v2\/media\/9480"}],"wp:attachment":[{"href":"https:\/\/manuelrainha.pt\/en\/wp-json\/wp\/v2\/media?parent=6133"}],"wp:term":[{"taxonomy":"product_marca","embeddable":true,"href":"https:\/\/manuelrainha.pt\/en\/wp-json\/wp\/v2\/product_marca?post=6133"},{"taxonomy":"product_location","embeddable":true,"href":"https:\/\/manuelrainha.pt\/en\/wp-json\/wp\/v2\/product_location?post=6133"}],"curies":[{"name":"wp","href":"https:\/\/api.w.org\/{rel}","templated":true}]}}