{"id":6151,"date":"2026-01-27T20:25:21","date_gmt":"2026-01-27T20:25:21","guid":{"rendered":"http:\/\/manuelrainha.pt\/en\/product\/vodka-moscoff-premium-375-70-cl\/"},"modified":"2026-01-27T20:25:27","modified_gmt":"2026-01-27T20:25:27","slug":"vodka","status":"publish","type":"product","link":"https:\/\/manuelrainha.pt\/en\/product\/vodka\/","title":{"rendered":"Vodka Moscoff premium 37,5% 70 cl"},"content":{"rendered":"<p>Moscoff \u00e9 uma vodka destilada e filtrada de acordo com elevados padr\u00f5es de qualidade. \u00c9 uma vodka\u00a0 ideal para as suas festas e conv\u00edvios. \u00c9 um formato econ\u00f3mico, e pr\u00e1tico que deve utilizar para a confe\u00e7\u00e3o dos seus cocktails e caipirinhas.<\/p>\n","protected":false},"excerpt":{"rendered":"<p>Moscoff \u00e9 uma vodka destilada e filtrada de acordo com elevados padr\u00f5es de qualidade. \u00c9 uma vodka\u00a0 ideal para as suas festas e conv\u00edvios. \u00c9 um formato econ\u00f3mico, e pr\u00e1tico [&hellip;]<\/p>\n","protected":false},"featured_media":9656,"template":"","meta":[],"product_marca":[119],"product_location":[151],"yoast_head":"<!-- This site is optimized with the Yoast SEO plugin v15.7 - https:\/\/yoast.com\/wordpress\/plugins\/seo\/ -->\n<title>Vodka Moscoff 70cl - Manuel Francisco Simas Rainha<\/title>\n<meta name=\"description\" content=\"The normal vodka better known as pure vodka by society, is more used in the manufacture of other drinks, but it is also consumed pure.\" \/>\n<meta name=\"robots\" content=\"index, follow, max-snippet:-1, max-image-preview:large, max-video-preview:-1\" \/>\n<link rel=\"canonical\" href=\"https:\/\/manuelrainha.pt\/product\/vodka-pura\/\" \/>\n<meta property=\"og:locale\" content=\"en_US\" \/>\n<meta property=\"og:type\" content=\"article\" \/>\n<meta property=\"og:title\" content=\"Vodka Moscoff 70cl - Manuel Francisco Simas Rainha\" \/>\n<meta property=\"og:description\" content=\"The normal vodka better known as pure vodka by society, is more used in the manufacture of other drinks, but it is also consumed pure.\" \/>\n<meta property=\"og:url\" content=\"https:\/\/manuelrainha.pt\/product\/vodka-pura\/\" \/>\n<meta property=\"og:site_name\" content=\"Manuel Francisco Simas Rainha\" \/>\n<meta property=\"article:modified_time\" content=\"2026-01-27T20:25:27+00:00\" \/>\n<meta property=\"og:image\" content=\"https:\/\/manuelrainha.pt\/wp-content\/uploads\/imagens\/70-683x1024.png\" \/>\n\t<meta property=\"og:image:width\" content=\"683\" \/>\n\t<meta property=\"og:image:height\" content=\"1024\" \/>\n<meta name=\"twitter:card\" content=\"summary_large_image\" \/>\n<script type=\"application\/ld+json\" class=\"yoast-schema-graph\">{\"@context\":\"https:\/\/schema.org\",\"@graph\":[{\"@type\":\"WebSite\",\"@id\":\"https:\/\/manuelrainha.pt\/#website\",\"url\":\"https:\/\/manuelrainha.pt\/\",\"name\":\"Manuel Francisco Simas Rainha\",\"description\":\"\",\"potentialAction\":[{\"@type\":\"SearchAction\",\"target\":\"https:\/\/manuelrainha.pt\/?s={search_term_string}\",\"query-input\":\"required name=search_term_string\"}],\"inLanguage\":\"pt-PT\"},{\"@type\":\"ImageObject\",\"@id\":\"https:\/\/manuelrainha.pt\/product\/vodka-pura\/#primaryimage\",\"inLanguage\":\"pt-PT\",\"url\":\"https:\/\/manuelrainha.pt\/wp-content\/uploads\/imagens\/70.png\",\"width\":4000,\"height\":6000},{\"@type\":\"WebPage\",\"@id\":\"https:\/\/manuelrainha.pt\/product\/vodka-pura\/#webpage\",\"url\":\"https:\/\/manuelrainha.pt\/product\/vodka-pura\/\",\"name\":\"Vodka Moscoff 70cl - Manuel Francisco Simas Rainha\",\"isPartOf\":{\"@id\":\"https:\/\/manuelrainha.pt\/#website\"},\"primaryImageOfPage\":{\"@id\":\"https:\/\/manuelrainha.pt\/product\/vodka-pura\/#primaryimage\"},\"datePublished\":\"2026-01-27T20:25:21+00:00\",\"dateModified\":\"2026-01-27T20:25:27+00:00\",\"description\":\"The normal vodka better known as pure vodka by society, is more used in the manufacture of other drinks, but it is also consumed pure.\",\"inLanguage\":\"pt-PT\",\"potentialAction\":[{\"@type\":\"ReadAction\",\"target\":[\"https:\/\/manuelrainha.pt\/product\/vodka-pura\/\"]}]}]}<\/script>\n<!-- \/ Yoast SEO plugin. -->","_links":{"self":[{"href":"https:\/\/manuelrainha.pt\/en\/wp-json\/wp\/v2\/product\/6151"}],"collection":[{"href":"https:\/\/manuelrainha.pt\/en\/wp-json\/wp\/v2\/product"}],"about":[{"href":"https:\/\/manuelrainha.pt\/en\/wp-json\/wp\/v2\/types\/product"}],"wp:featuredmedia":[{"embeddable":true,"href":"https:\/\/manuelrainha.pt\/en\/wp-json\/wp\/v2\/media\/9656"}],"wp:attachment":[{"href":"https:\/\/manuelrainha.pt\/en\/wp-json\/wp\/v2\/media?parent=6151"}],"wp:term":[{"taxonomy":"product_marca","embeddable":true,"href":"https:\/\/manuelrainha.pt\/en\/wp-json\/wp\/v2\/product_marca?post=6151"},{"taxonomy":"product_location","embeddable":true,"href":"https:\/\/manuelrainha.pt\/en\/wp-json\/wp\/v2\/product_location?post=6151"}],"curies":[{"name":"wp","href":"https:\/\/api.w.org\/{rel}","templated":true}]}}