{"id":6163,"date":"2026-01-08T12:25:57","date_gmt":"2026-01-08T12:25:57","guid":{"rendered":"http:\/\/manuelrainha.pt\/en\/product\/licor-de-anis-real-escarchado-25-1l\/"},"modified":"2026-01-08T12:26:04","modified_gmt":"2026-01-08T12:26:04","slug":"anis-escarchado-liqueur","status":"publish","type":"product","link":"https:\/\/manuelrainha.pt\/en\/product\/anis-escarchado-liqueur\/","title":{"rendered":"Licor de Anis Real Escarchado 25% 1L"},"content":{"rendered":"<p>O licor de anis \u00e9 um produto muito t\u00edpico nos A\u00e7ores. O sabor t\u00edpico de an\u00eds pode ser encontrado em v\u00e1rias plantas, sendo o funcho (<em>Foeniculum vulgare Mill<\/em>) a que existe naturalmente nos A\u00e7ores quer na forma selvagem quer na forma cultivada. Licor de anis Real, \u00e9 um licor com 25% de alco\u00f3l, que incorpora uma infus\u00e3o de funcho produzida pela nossa empresa, cujo sabor \u00e9 distinto dos anises tradicionais. Pode ser servido frio ou natural. Sabe bem de qualquer forma. \u00c9 sem d\u00favida um produto surpreendente.<\/p>\n","protected":false},"excerpt":{"rendered":"<p>O licor de anis \u00e9 um produto muito t\u00edpico nos A\u00e7ores. O sabor t\u00edpico de an\u00eds pode ser encontrado em v\u00e1rias plantas, sendo o funcho (Foeniculum vulgare Mill) a que [&hellip;]<\/p>\n","protected":false},"featured_media":9525,"template":"","meta":[],"product_marca":[114],"product_location":[151],"yoast_head":"<!-- This site is optimized with the Yoast SEO plugin v15.7 - https:\/\/yoast.com\/wordpress\/plugins\/seo\/ -->\n<title>Anis Escarchado liqueur 1L - Manuel Francisco Simas Rainha<\/title>\n<meta name=\"description\" content=\"Our Anis Escarchado Liqueur is prepared with wine spirit. Good for people who like a stronger and less sweet drink.\" \/>\n<meta name=\"robots\" content=\"index, follow, max-snippet:-1, max-image-preview:large, max-video-preview:-1\" \/>\n<link rel=\"canonical\" href=\"https:\/\/manuelrainha.pt\/product\/anis-escarchado\/\" \/>\n<meta property=\"og:locale\" content=\"en_US\" \/>\n<meta property=\"og:type\" content=\"article\" \/>\n<meta property=\"og:title\" content=\"Anis Escarchado liqueur 1L - Manuel Francisco Simas Rainha\" \/>\n<meta property=\"og:description\" content=\"Our Anis Escarchado Liqueur is prepared with wine spirit. Good for people who like a stronger and less sweet drink.\" \/>\n<meta property=\"og:url\" content=\"https:\/\/manuelrainha.pt\/product\/anis-escarchado\/\" \/>\n<meta property=\"og:site_name\" content=\"Manuel Francisco Simas Rainha\" \/>\n<meta property=\"article:modified_time\" content=\"2026-01-08T12:26:04+00:00\" \/>\n<meta property=\"og:image\" content=\"https:\/\/manuelrainha.pt\/wp-content\/uploads\/imagens\/76-683x1024.png\" \/>\n\t<meta property=\"og:image:width\" content=\"683\" \/>\n\t<meta property=\"og:image:height\" content=\"1024\" \/>\n<meta name=\"twitter:card\" content=\"summary_large_image\" \/>\n<script type=\"application\/ld+json\" class=\"yoast-schema-graph\">{\"@context\":\"https:\/\/schema.org\",\"@graph\":[{\"@type\":\"WebSite\",\"@id\":\"https:\/\/manuelrainha.pt\/#website\",\"url\":\"https:\/\/manuelrainha.pt\/\",\"name\":\"Manuel Francisco Simas Rainha\",\"description\":\"\",\"potentialAction\":[{\"@type\":\"SearchAction\",\"target\":\"https:\/\/manuelrainha.pt\/?s={search_term_string}\",\"query-input\":\"required name=search_term_string\"}],\"inLanguage\":\"pt-PT\"},{\"@type\":\"ImageObject\",\"@id\":\"https:\/\/manuelrainha.pt\/product\/anis-escarchado\/#primaryimage\",\"inLanguage\":\"pt-PT\",\"url\":\"https:\/\/manuelrainha.pt\/wp-content\/uploads\/imagens\/76.png\",\"width\":4000,\"height\":6000},{\"@type\":\"WebPage\",\"@id\":\"https:\/\/manuelrainha.pt\/product\/anis-escarchado\/#webpage\",\"url\":\"https:\/\/manuelrainha.pt\/product\/anis-escarchado\/\",\"name\":\"Anis Escarchado liqueur 1L - Manuel Francisco Simas Rainha\",\"isPartOf\":{\"@id\":\"https:\/\/manuelrainha.pt\/#website\"},\"primaryImageOfPage\":{\"@id\":\"https:\/\/manuelrainha.pt\/product\/anis-escarchado\/#primaryimage\"},\"datePublished\":\"2026-01-08T12:25:57+00:00\",\"dateModified\":\"2026-01-08T12:26:04+00:00\",\"description\":\"Our Anis Escarchado Liqueur is prepared with wine spirit. Good for people who like a stronger and less sweet drink.\",\"inLanguage\":\"pt-PT\",\"potentialAction\":[{\"@type\":\"ReadAction\",\"target\":[\"https:\/\/manuelrainha.pt\/product\/anis-escarchado\/\"]}]}]}<\/script>\n<!-- \/ Yoast SEO plugin. -->","_links":{"self":[{"href":"https:\/\/manuelrainha.pt\/en\/wp-json\/wp\/v2\/product\/6163"}],"collection":[{"href":"https:\/\/manuelrainha.pt\/en\/wp-json\/wp\/v2\/product"}],"about":[{"href":"https:\/\/manuelrainha.pt\/en\/wp-json\/wp\/v2\/types\/product"}],"wp:featuredmedia":[{"embeddable":true,"href":"https:\/\/manuelrainha.pt\/en\/wp-json\/wp\/v2\/media\/9525"}],"wp:attachment":[{"href":"https:\/\/manuelrainha.pt\/en\/wp-json\/wp\/v2\/media?parent=6163"}],"wp:term":[{"taxonomy":"product_marca","embeddable":true,"href":"https:\/\/manuelrainha.pt\/en\/wp-json\/wp\/v2\/product_marca?post=6163"},{"taxonomy":"product_location","embeddable":true,"href":"https:\/\/manuelrainha.pt\/en\/wp-json\/wp\/v2\/product_location?post=6163"}],"curies":[{"name":"wp","href":"https:\/\/api.w.org\/{rel}","templated":true}]}}