{"id":6199,"date":"2026-02-19T15:25:01","date_gmt":"2026-02-19T15:25:01","guid":{"rendered":"http:\/\/manuelrainha.pt\/en\/product\/vinho-licoroso-abafadinho-1-l\/"},"modified":"2026-02-19T15:25:08","modified_gmt":"2026-02-19T15:25:08","slug":"liqueur-wine","status":"publish","type":"product","link":"https:\/\/manuelrainha.pt\/en\/product\/liqueur-wine\/","title":{"rendered":"Vinho Licoroso Abafadinho 1 L"},"content":{"rendered":"<p>Os vinhos fortificados resultam da interrup\u00e7\u00e3o da fermenta\u00e7\u00e3o alco\u00f3lica pela adi\u00e7\u00e3o de aguardente v\u00ednica, numa dada altura da fermenta\u00e7\u00e3o. Abafadinho \u00e9 um vinho licoroso fortificado com 17% de alco\u00f3l, cuja fermenta\u00e7\u00e3o \u00e9 interrompida logo no in\u00edcio do processo, resultando um vinho doce de com avermelhada, rubi, que ap\u00f3s envelhecimento decai para um alaranjado vivo. Abafadinho \u00e9 envelhecido em tonel de madeira antes de engarrafamento. Tem um per\u00edodo de envelhecimento nunca inferior a 2 anos. \u00c9 um licoroso arom\u00e1tico, fresco e uma excelente companhia para as suas festas e conv\u00edvios familiares. Depois de provar n\u00e3o vai ficar indiferente.<\/p>\n","protected":false},"excerpt":{"rendered":"<p>Os vinhos fortificados resultam da interrup\u00e7\u00e3o da fermenta\u00e7\u00e3o alco\u00f3lica pela adi\u00e7\u00e3o de aguardente v\u00ednica, numa dada altura da fermenta\u00e7\u00e3o. Abafadinho \u00e9 um vinho licoroso fortificado com 17% de alco\u00f3l, cuja [&hellip;]<\/p>\n","protected":false},"featured_media":9754,"template":"","meta":[],"product_marca":[112],"product_location":[151],"yoast_head":"<!-- This site is optimized with the Yoast SEO plugin v15.7 - https:\/\/yoast.com\/wordpress\/plugins\/seo\/ -->\n<title>Liqueur Wine Abafadinho 1L - Manuel Francisco Simas Rainha<\/title>\n<meta name=\"description\" content=\"Abafadinho is a liqueur wine whose fermentation is interrupted at the beginning of the process, resulting in a sweet, aromatic and fresh wine.\" \/>\n<meta name=\"robots\" content=\"index, follow, max-snippet:-1, max-image-preview:large, max-video-preview:-1\" \/>\n<link rel=\"canonical\" href=\"https:\/\/manuelrainha.pt\/product\/vinho-abafadinho\/\" \/>\n<meta property=\"og:locale\" content=\"en_US\" \/>\n<meta property=\"og:type\" content=\"article\" \/>\n<meta property=\"og:title\" content=\"Liqueur Wine Abafadinho 1L - Manuel Francisco Simas Rainha\" \/>\n<meta property=\"og:description\" content=\"Abafadinho is a liqueur wine whose fermentation is interrupted at the beginning of the process, resulting in a sweet, aromatic and fresh wine.\" \/>\n<meta property=\"og:url\" content=\"https:\/\/manuelrainha.pt\/product\/vinho-abafadinho\/\" \/>\n<meta property=\"og:site_name\" content=\"Manuel Francisco Simas Rainha\" \/>\n<meta property=\"article:modified_time\" content=\"2026-02-19T15:25:08+00:00\" \/>\n<meta property=\"og:image\" content=\"https:\/\/manuelrainha.pt\/wp-content\/uploads\/imagens\/238-683x1024.png\" \/>\n\t<meta property=\"og:image:width\" content=\"683\" \/>\n\t<meta property=\"og:image:height\" content=\"1024\" \/>\n<meta name=\"twitter:card\" content=\"summary_large_image\" \/>\n<meta name=\"twitter:label1\" content=\"Est. reading time\">\n\t<meta name=\"twitter:data1\" content=\"1 minuto\">\n<script type=\"application\/ld+json\" class=\"yoast-schema-graph\">{\"@context\":\"https:\/\/schema.org\",\"@graph\":[{\"@type\":\"WebSite\",\"@id\":\"https:\/\/manuelrainha.pt\/#website\",\"url\":\"https:\/\/manuelrainha.pt\/\",\"name\":\"Manuel Francisco Simas Rainha\",\"description\":\"\",\"potentialAction\":[{\"@type\":\"SearchAction\",\"target\":\"https:\/\/manuelrainha.pt\/?s={search_term_string}\",\"query-input\":\"required name=search_term_string\"}],\"inLanguage\":\"pt-PT\"},{\"@type\":\"ImageObject\",\"@id\":\"https:\/\/manuelrainha.pt\/product\/vinho-abafadinho\/#primaryimage\",\"inLanguage\":\"pt-PT\",\"url\":\"https:\/\/manuelrainha.pt\/wp-content\/uploads\/imagens\/238.png\",\"width\":4000,\"height\":6000},{\"@type\":\"WebPage\",\"@id\":\"https:\/\/manuelrainha.pt\/product\/vinho-abafadinho\/#webpage\",\"url\":\"https:\/\/manuelrainha.pt\/product\/vinho-abafadinho\/\",\"name\":\"Liqueur Wine Abafadinho 1L - Manuel Francisco Simas Rainha\",\"isPartOf\":{\"@id\":\"https:\/\/manuelrainha.pt\/#website\"},\"primaryImageOfPage\":{\"@id\":\"https:\/\/manuelrainha.pt\/product\/vinho-abafadinho\/#primaryimage\"},\"datePublished\":\"2026-02-19T15:25:01+00:00\",\"dateModified\":\"2026-02-19T15:25:08+00:00\",\"description\":\"Abafadinho is a liqueur wine whose fermentation is interrupted at the beginning of the process, resulting in a sweet, aromatic and fresh wine.\",\"inLanguage\":\"pt-PT\",\"potentialAction\":[{\"@type\":\"ReadAction\",\"target\":[\"https:\/\/manuelrainha.pt\/product\/vinho-abafadinho\/\"]}]}]}<\/script>\n<!-- \/ Yoast SEO plugin. -->","_links":{"self":[{"href":"https:\/\/manuelrainha.pt\/en\/wp-json\/wp\/v2\/product\/6199"}],"collection":[{"href":"https:\/\/manuelrainha.pt\/en\/wp-json\/wp\/v2\/product"}],"about":[{"href":"https:\/\/manuelrainha.pt\/en\/wp-json\/wp\/v2\/types\/product"}],"wp:featuredmedia":[{"embeddable":true,"href":"https:\/\/manuelrainha.pt\/en\/wp-json\/wp\/v2\/media\/9754"}],"wp:attachment":[{"href":"https:\/\/manuelrainha.pt\/en\/wp-json\/wp\/v2\/media?parent=6199"}],"wp:term":[{"taxonomy":"product_marca","embeddable":true,"href":"https:\/\/manuelrainha.pt\/en\/wp-json\/wp\/v2\/product_marca?post=6199"},{"taxonomy":"product_location","embeddable":true,"href":"https:\/\/manuelrainha.pt\/en\/wp-json\/wp\/v2\/product_location?post=6199"}],"curies":[{"name":"wp","href":"https:\/\/api.w.org\/{rel}","templated":true}]}}