{"id":6217,"date":"2021-05-12T14:26:06","date_gmt":"2021-05-12T14:26:06","guid":{"rendered":"http:\/\/manuelrainha.pt\/en\/product\/vodka-morango-moscoff-shot-25-ml-20\/"},"modified":"2021-05-12T14:26:21","modified_gmt":"2021-05-12T14:26:21","slug":"strawberry-vodka-shot","status":"publish","type":"product","link":"https:\/\/manuelrainha.pt\/en\/product\/strawberry-vodka-shot\/","title":{"rendered":"Moscoff Red shot 25 mL 20%"},"content":{"rendered":"<p>Moscoff Red \u00e9 um licor de morango e vodka ideal para as suas festas e conv\u00edvios. Econ\u00f3mico o formato shot individual \u00e9 excelente como formato de prova e para brindes em eventos.<\/p>\n","protected":false},"excerpt":{"rendered":"<p>Moscoff Red \u00e9 um licor de morango e vodka ideal para as suas festas e conv\u00edvios. Econ\u00f3mico o formato shot individual \u00e9 excelente como formato de prova e para brindes [&hellip;]<\/p>\n","protected":false},"featured_media":7203,"template":"","meta":[],"product_marca":[119],"product_location":[151],"yoast_head":"<!-- This site is optimized with the Yoast SEO plugin v15.7 - https:\/\/yoast.com\/wordpress\/plugins\/seo\/ -->\n<title>Strawberry vodka shot 25ml - Manuel Francisco Simas Rainha<\/title>\n<meta name=\"description\" content=\"The strawberry vodka shot format is excellent for tasting or even making a cocktail and is practical for a toast in social gatherings!\" \/>\n<meta name=\"robots\" content=\"index, follow, max-snippet:-1, max-image-preview:large, max-video-preview:-1\" \/>\n<link rel=\"canonical\" href=\"https:\/\/manuelrainha.pt\/en\/product\/strawberry-vodka-shot\/\" \/>\n<meta property=\"og:locale\" content=\"en_US\" \/>\n<meta property=\"og:type\" content=\"article\" \/>\n<meta property=\"og:title\" content=\"Strawberry vodka shot 25ml - Manuel Francisco Simas Rainha\" \/>\n<meta property=\"og:description\" content=\"The strawberry vodka shot format is excellent for tasting or even making a cocktail and is practical for a toast in social gatherings!\" \/>\n<meta property=\"og:url\" content=\"https:\/\/manuelrainha.pt\/en\/product\/strawberry-vodka-shot\/\" \/>\n<meta property=\"og:site_name\" content=\"Manuel Francisco Simas Rainha\" \/>\n<meta property=\"article:modified_time\" content=\"2021-05-12T14:26:21+00:00\" \/>\n<meta property=\"og:image\" content=\"https:\/\/manuelrainha.pt\/wp-content\/uploads\/imagens\/278-683x1024.png\" \/>\n\t<meta property=\"og:image:width\" content=\"683\" \/>\n\t<meta property=\"og:image:height\" content=\"1024\" \/>\n<meta name=\"twitter:card\" content=\"summary_large_image\" \/>\n<script type=\"application\/ld+json\" class=\"yoast-schema-graph\">{\"@context\":\"https:\/\/schema.org\",\"@graph\":[{\"@type\":\"WebSite\",\"@id\":\"https:\/\/manuelrainha.pt\/#website\",\"url\":\"https:\/\/manuelrainha.pt\/\",\"name\":\"Manuel Francisco Simas Rainha\",\"description\":\"\",\"potentialAction\":[{\"@type\":\"SearchAction\",\"target\":\"https:\/\/manuelrainha.pt\/?s={search_term_string}\",\"query-input\":\"required name=search_term_string\"}],\"inLanguage\":\"pt-PT\"},{\"@type\":\"ImageObject\",\"@id\":\"https:\/\/manuelrainha.pt\/en\/product\/strawberry-vodka-shot\/#primaryimage\",\"inLanguage\":\"pt-PT\",\"url\":\"https:\/\/manuelrainha.pt\/wp-content\/uploads\/imagens\/278.png\",\"width\":4000,\"height\":6000},{\"@type\":\"WebPage\",\"@id\":\"https:\/\/manuelrainha.pt\/en\/product\/strawberry-vodka-shot\/#webpage\",\"url\":\"https:\/\/manuelrainha.pt\/en\/product\/strawberry-vodka-shot\/\",\"name\":\"Strawberry vodka shot 25ml - Manuel Francisco Simas Rainha\",\"isPartOf\":{\"@id\":\"https:\/\/manuelrainha.pt\/#website\"},\"primaryImageOfPage\":{\"@id\":\"https:\/\/manuelrainha.pt\/en\/product\/strawberry-vodka-shot\/#primaryimage\"},\"datePublished\":\"2021-05-12T14:26:06+00:00\",\"dateModified\":\"2021-05-12T14:26:21+00:00\",\"description\":\"The strawberry vodka shot format is excellent for tasting or even making a cocktail and is practical for a toast in social gatherings!\",\"inLanguage\":\"pt-PT\",\"potentialAction\":[{\"@type\":\"ReadAction\",\"target\":[\"https:\/\/manuelrainha.pt\/en\/product\/strawberry-vodka-shot\/\"]}]}]}<\/script>\n<!-- \/ Yoast SEO plugin. -->","_links":{"self":[{"href":"https:\/\/manuelrainha.pt\/en\/wp-json\/wp\/v2\/product\/6217"}],"collection":[{"href":"https:\/\/manuelrainha.pt\/en\/wp-json\/wp\/v2\/product"}],"about":[{"href":"https:\/\/manuelrainha.pt\/en\/wp-json\/wp\/v2\/types\/product"}],"wp:featuredmedia":[{"embeddable":true,"href":"https:\/\/manuelrainha.pt\/en\/wp-json\/wp\/v2\/media\/7203"}],"wp:attachment":[{"href":"https:\/\/manuelrainha.pt\/en\/wp-json\/wp\/v2\/media?parent=6217"}],"wp:term":[{"taxonomy":"product_marca","embeddable":true,"href":"https:\/\/manuelrainha.pt\/en\/wp-json\/wp\/v2\/product_marca?post=6217"},{"taxonomy":"product_location","embeddable":true,"href":"https:\/\/manuelrainha.pt\/en\/wp-json\/wp\/v2\/product_location?post=6217"}],"curies":[{"name":"wp","href":"https:\/\/api.w.org\/{rel}","templated":true}]}}