{"id":5822,"date":"2019-09-04T14:04:05","date_gmt":"2019-09-04T14:04:05","guid":{"rendered":"http:\/\/manuelrainha.pt\/es\/empresa\/"},"modified":"2020-11-13T10:59:19","modified_gmt":"2020-11-13T10:59:19","slug":"empresa","status":"publish","type":"page","link":"https:\/\/manuelrainha.pt\/es\/empresa\/","title":{"rendered":"Empresa"},"content":{"rendered":"<p>[vc_row css=&#8221;.vc_custom_1570450046277{background-image: url(https:\/\/aperitif.qodeinteractive.com\/wp-content\/uploads\/2019\/09\/about-us-background-2.jpg?id=876) !important;background-position: center !important;background-repeat: no-repeat !important;background-size: cover !important;}&#8221; el_class=&#8221;extra-z-index&#8221;][vc_column css=&#8221;.vc_custom_1567673434359{padding-top: 0px !important;}&#8221;][vc_row_inner row_content_width=&#8221;grid&#8221;][vc_column_inner css=&#8221;.vc_custom_1570451152921{padding-top: 175px !important;padding-right: 8.5% !important;padding-bottom: 126px !important;padding-left: 22px !important;}&#8221; offset=&#8221;vc_col-lg-6&#8243; column_responsive_padding_1366=&#8221;175px 11.5% 126px 0&#8243; column_responsive_padding_1440=&#8221;175px 11.5% 126 px&#8221; column_responsive_padding_1024=&#8221;125px 6.5% 126px&#8221; column_responsive_padding_768=&#8221;125px 6.5% 126px&#8221; column_responsive_padding_680=&#8221;125px 6.5% 0px&#8221;]<div class=\"qodef-shortcode qodef-m  qodef-section-title qodef-alignment--left \">\n\t\t<h2 class=\"qodef-m-title\" >\n\t\tSOBRE NOSOTROS\t\t<\/h2>\n\t\t<p class=\"qodef-m-subtitle\" style=\"color: #c8693a\">MANUEL FRANCISCO SIMAS RAINHA<\/p>\n\t<\/div>[vc_column_text css=&#8221;.vc_custom_1597162674175{margin-top: -7px !important;}&#8221;]Con una actividad iniciada en 1983, la empresa Manuel Francisco Simas Rainha se dedica a la producci\u00f3n y comercializaci\u00f3n del tradicional Vino Cheiro de S\u00e3o Miguel. La uva procede de la mayor parte del municipio de Vila Franca do Campo lo que le confiere una fuerte identidad regional.[\/vc_column_text][vc_empty_space height=&#8221;52px&#8221;][\/vc_column_inner][vc_column_inner css=&#8221;.vc_custom_1570451172199{padding-top: 190px !important;padding-right: 8px !important;padding-bottom: 126px !important;padding-left: 4.5% !important;}&#8221; offset=&#8221;vc_col-lg-6&#8243; column_responsive_padding_1024=&#8221;0px 6.5% 100px&#8221; column_responsive_padding_680=&#8221;100px 6.5% 90px&#8221; column_responsive_padding_768=&#8221;0px 6.5% 100px&#8221;]<div class=\"qodef-shortcode qodef-m  qodef-image-with-text qodef-layout--text-over\">\n\t<div class=\"qodef-m-image\">\n\t\t\t\t<img width=\"2560\" height=\"1707\" src=\"https:\/\/manuelrainha.pt\/wp-content\/uploads\/2020\/10\/ManuelRainha-5.jpg\" class=\"attachment-full size-full\" alt=\"\" loading=\"lazy\" \/>\t\t\t<\/div>\t<div class=\"qodef-m-title-holder\">\n\t\t\t<\/div>\n\t<div class=\"qodef-m-content\">\n\t\t\t<\/div>\n<\/div><div class=\"qodef-shortcode qodef-m  qodef-stamp qodef-hide-on--1024 qodef--abs\"  style=\"width: 200px;height: 200px;bottom: 2%;left: -13%\" data-appearing-delay=\"0\">\n\t<div class=\"qodef-m-text\"\n\t     data-count=\"0\"><\/div>\n\t\t<\/div>[\/vc_column_inner][\/vc_row_inner][\/vc_column][\/vc_row][vc_row css=&#8221;.vc_custom_1567674143067{padding-right: 3.7% !important;padding-bottom: 91px !important;padding-left: 3.7% !important;}&#8221;][vc_column][vc_row_inner css=&#8221;.vc_custom_1568122697873{background-image: url(https:\/\/aperitif.qodeinteractive.com\/wp-content\/uploads\/2019\/08\/h1-bckg-img-4.jpg?id=167) !important;background-position: center !important;background-repeat: no-repeat !important;background-size: cover !important;}&#8221;][vc_column_inner css=&#8221;.vc_custom_1570451214193{padding-top: 93px !important;padding-right: 12% !important;padding-bottom: 93px !important;padding-left: 12% !important;}&#8221; column_responsive_padding_1440=&#8221;93px 10%&#8221; column_responsive_padding_1366=&#8221;93px 10%&#8221; column_responsive_padding_1280=&#8221;93px 10%&#8221; column_responsive_padding_680=&#8221;93px 11%&#8221;]<div class=\"qodef-shortcode qodef-m  qodef-call-to-action qodef-layout--standard qodef-style--stretched\">\n\t<div class=\"qodef-m-inner\">\n\t\t\t<div class=\"qodef-m-content\">\n<h3>NUESTROS PRODUCTOS<\/h3>\n<\/div>\n\t\t\t<div class=\"qodef-m-button\">\n\t\t<a class=\"qodef-shortcode qodef-m  qodef-button qodef-layout--filled  qodef-html--link\" href=\"http:\/\/manuelrainha.pt\/loja\" target=\"_self\"  ><span class=\"qodef-m-text\">TIENDA<\/span><\/a>\t<\/div>\n\t<\/div>\n<\/div>[\/vc_column_inner][\/vc_row_inner][\/vc_column][\/vc_row]<\/p>\n","protected":false},"excerpt":{"rendered":"<p>[vc_row css=&#8221;.vc_custom_1570450046277{background-image: url(https:\/\/aperitif.qodeinteractive.com\/wp-content\/uploads\/2019\/09\/about-us-background-2.jpg?id=876) !important;background-position: center !important;background-repeat: no-repeat !important;background-size: cover !important;}&#8221; el_class=&#8221;extra-z-index&#8221;][vc_column css=&#8221;.vc_custom_1567673434359{padding-top: 0px !important;}&#8221;][vc_row_inner row_content_width=&#8221;grid&#8221;][vc_column_inner css=&#8221;.vc_custom_1570451152921{padding-top: 175px !important;padding-right: 8.5% !important;padding-bottom: 126px !important;padding-left: 22px !important;}&#8221; offset=&#8221;vc_col-lg-6&#8243; column_responsive_padding_1366=&#8221;175px 11.5% 126px 0&#8243; column_responsive_padding_1440=&#8221;175px [&hellip;]<\/p>\n","protected":false},"author":1,"featured_media":0,"parent":0,"menu_order":0,"comment_status":"closed","ping_status":"closed","template":"page-full-width.php","meta":[],"yoast_head":"<!-- This site is optimized with the Yoast SEO plugin v15.7 - https:\/\/yoast.com\/wordpress\/plugins\/seo\/ -->\n<title>Empresa - Manuel Francisco Simas Rainha - tradicional Vino<\/title>\n<meta name=\"description\" content=\"Empresa: la empresa Manuel Francisco Simas Rainha se dedica a la producci\u00f3n y comercializaci\u00f3n del tradicional Vino Cheiro de S\u00e3o Miguel.\" \/>\n<meta name=\"robots\" content=\"index, follow, max-snippet:-1, max-image-preview:large, max-video-preview:-1\" \/>\n<link rel=\"canonical\" href=\"https:\/\/manuelrainha.pt\/es\/empresa\/\" \/>\n<meta property=\"og:locale\" content=\"es_ES\" \/>\n<meta property=\"og:type\" content=\"article\" \/>\n<meta property=\"og:title\" content=\"Empresa - Manuel Francisco Simas Rainha - tradicional Vino\" \/>\n<meta property=\"og:description\" content=\"Empresa: la empresa Manuel Francisco Simas Rainha se dedica a la producci\u00f3n y comercializaci\u00f3n del tradicional Vino Cheiro de S\u00e3o Miguel.\" \/>\n<meta property=\"og:url\" content=\"https:\/\/manuelrainha.pt\/es\/empresa\/\" \/>\n<meta property=\"og:site_name\" content=\"Manuel Francisco Simas Rainha\" \/>\n<meta property=\"article:modified_time\" content=\"2020-11-13T10:59:19+00:00\" \/>\n<meta name=\"twitter:card\" content=\"summary_large_image\" \/>\n<meta name=\"twitter:label1\" content=\"Est. reading time\">\n\t<meta name=\"twitter:data1\" content=\"2 minutos\">\n<script type=\"application\/ld+json\" class=\"yoast-schema-graph\">{\"@context\":\"https:\/\/schema.org\",\"@graph\":[{\"@type\":\"WebSite\",\"@id\":\"https:\/\/manuelrainha.pt\/#website\",\"url\":\"https:\/\/manuelrainha.pt\/\",\"name\":\"Manuel Francisco Simas Rainha\",\"description\":\"\",\"potentialAction\":[{\"@type\":\"SearchAction\",\"target\":\"https:\/\/manuelrainha.pt\/?s={search_term_string}\",\"query-input\":\"required name=search_term_string\"}],\"inLanguage\":\"pt-PT\"},{\"@type\":\"WebPage\",\"@id\":\"https:\/\/manuelrainha.pt\/es\/empresa\/#webpage\",\"url\":\"https:\/\/manuelrainha.pt\/es\/empresa\/\",\"name\":\"Empresa - Manuel Francisco Simas Rainha - tradicional Vino\",\"isPartOf\":{\"@id\":\"https:\/\/manuelrainha.pt\/#website\"},\"datePublished\":\"2019-09-04T14:04:05+00:00\",\"dateModified\":\"2020-11-13T10:59:19+00:00\",\"description\":\"Empresa: la empresa Manuel Francisco Simas Rainha se dedica a la producci\\u00f3n y comercializaci\\u00f3n del tradicional Vino Cheiro de S\\u00e3o Miguel.\",\"inLanguage\":\"pt-PT\",\"potentialAction\":[{\"@type\":\"ReadAction\",\"target\":[\"https:\/\/manuelrainha.pt\/es\/empresa\/\"]}]}]}<\/script>\n<!-- \/ Yoast SEO plugin. -->","_links":{"self":[{"href":"https:\/\/manuelrainha.pt\/es\/wp-json\/wp\/v2\/pages\/5822"}],"collection":[{"href":"https:\/\/manuelrainha.pt\/es\/wp-json\/wp\/v2\/pages"}],"about":[{"href":"https:\/\/manuelrainha.pt\/es\/wp-json\/wp\/v2\/types\/page"}],"author":[{"embeddable":true,"href":"https:\/\/manuelrainha.pt\/es\/wp-json\/wp\/v2\/users\/1"}],"replies":[{"embeddable":true,"href":"https:\/\/manuelrainha.pt\/es\/wp-json\/wp\/v2\/comments?post=5822"}],"version-history":[{"count":4,"href":"https:\/\/manuelrainha.pt\/es\/wp-json\/wp\/v2\/pages\/5822\/revisions"}],"predecessor-version":[{"id":6320,"href":"https:\/\/manuelrainha.pt\/es\/wp-json\/wp\/v2\/pages\/5822\/revisions\/6320"}],"wp:attachment":[{"href":"https:\/\/manuelrainha.pt\/es\/wp-json\/wp\/v2\/media?parent=5822"}],"curies":[{"name":"wp","href":"https:\/\/api.w.org\/{rel}","templated":true}]}}