{"id":9063,"date":"2024-02-13T11:56:59","date_gmt":"2024-02-13T11:56:59","guid":{"rendered":"https:\/\/manuelrainha.pt\/es\/visitas\/"},"modified":"2024-05-28T18:00:40","modified_gmt":"2024-05-28T18:00:40","slug":"visitantes","status":"publish","type":"page","link":"https:\/\/manuelrainha.pt\/es\/visitantes\/","title":{"rendered":"Visitantes"},"content":{"rendered":"<p>[vc_row gap=&#8221;30&#8243; row_content_width=&#8221;grid&#8221;][vc_column css=&#8221;.vc_custom_1708511041380{margin-top: -12px !important;padding-top: 65px !important;padding-bottom: 125px !important;}&#8221; offset=&#8221;vc_col-lg-12&#8243; column_responsive_padding_1440=&#8221;65px 0 95px&#8221; column_responsive_padding_1366=&#8221;65px 0 95px&#8221; column_responsive_padding_1280=&#8221;65px 0 95px&#8221; column_responsive_padding_1024=&#8221;65px 11% 15px 2%&#8221; column_responsive_padding_768=&#8221;65px 2% 15px&#8221; column_responsive_padding_680=&#8221;35px 4% 0px&#8221;]<div class=\"qodef-shortcode qodef-m  qodef-section-title qodef-alignment--left \">\n\t\t<h3 class=\"qodef-m-title\" >\n\t\tVISITANTES\t\t<\/h3>\n\t\t<\/div>[vc_empty_space height=&#8221;15px&#8221;][vc_column_text]\u00a0<span class=\"Y2IQFc\" lang=\"es\">Recibimos visitas diariamente en nuestra sala de degustaci\u00f3n, con gu\u00eda y sin necesidad de reserva para grupos peque\u00f1os. Para ello se deber\u00e1n respetar los horarios de inicio de las visitas. Las visitas y degustaciones comienzan en los siguientes horarios (11:00 h, 14:00 h; 16:00 h) de lunes a viernes.\u00a0<\/span><span class=\"Y2IQFc\" lang=\"es\"> El servicio s\u00f3lo ser\u00e1 posible en estos horarios. <\/span><\/p>\n<p><span class=\"Y2IQFc\" lang=\"es\">La visita y degustaci\u00f3n tiene una duraci\u00f3n de 60 a 90 minutos. Las visitas est\u00e1n cerradas los fines de semana y festivos. La visita y degustaci\u00f3n cuesta 10\u20ac. Para grupos de m\u00e1s de 6 personas, reservar con antelaci\u00f3n.<\/span><\/p>\n<p>[\/vc_column_text][\/vc_column][\/vc_row]<\/p>\n","protected":false},"excerpt":{"rendered":"<p>[vc_row gap=&#8221;30&#8243; row_content_width=&#8221;grid&#8221;][vc_column css=&#8221;.vc_custom_1708511041380{margin-top: -12px !important;padding-top: 65px !important;padding-bottom: 125px !important;}&#8221; offset=&#8221;vc_col-lg-12&#8243; column_responsive_padding_1440=&#8221;65px 0 95px&#8221; column_responsive_padding_1366=&#8221;65px 0 95px&#8221; column_responsive_padding_1280=&#8221;65px 0 95px&#8221; column_responsive_padding_1024=&#8221;65px 11% 15px 2%&#8221; column_responsive_padding_768=&#8221;65px 2% 15px&#8221; column_responsive_padding_680=&#8221;35px 4% 0px&#8221;][vc_empty_space [&hellip;]<\/p>\n","protected":false},"author":2,"featured_media":0,"parent":0,"menu_order":0,"comment_status":"closed","ping_status":"closed","template":"page-full-width.php","meta":[],"yoast_head":"<!-- This site is optimized with the Yoast SEO plugin v15.7 - https:\/\/yoast.com\/wordpress\/plugins\/seo\/ -->\n<title>Visitantes - Manuel Francisco Simas Rainha<\/title>\n<meta name=\"robots\" content=\"index, follow, max-snippet:-1, max-image-preview:large, max-video-preview:-1\" \/>\n<link rel=\"canonical\" href=\"https:\/\/manuelrainha.pt\/es\/visitantes\/\" \/>\n<meta property=\"og:locale\" content=\"es_ES\" \/>\n<meta property=\"og:type\" content=\"article\" \/>\n<meta property=\"og:title\" content=\"Visitantes - Manuel Francisco Simas Rainha\" \/>\n<meta property=\"og:description\" content=\"[vc_row gap=&#8221;30&#8243; row_content_width=&#8221;grid&#8221;][vc_column css=&#8221;.vc_custom_1708511041380{margin-top: -12px !important;padding-top: 65px !important;padding-bottom: 125px !important;}&#8221; offset=&#8221;vc_col-lg-12&#8243; column_responsive_padding_1440=&#8221;65px 0 95px&#8221; column_responsive_padding_1366=&#8221;65px 0 95px&#8221; column_responsive_padding_1280=&#8221;65px 0 95px&#8221; column_responsive_padding_1024=&#8221;65px 11% 15px 2%&#8221; column_responsive_padding_768=&#8221;65px 2% 15px&#8221; column_responsive_padding_680=&#8221;35px 4% 0px&#8221;][vc_empty_space [&hellip;]\" \/>\n<meta property=\"og:url\" content=\"https:\/\/manuelrainha.pt\/es\/visitantes\/\" \/>\n<meta property=\"og:site_name\" content=\"Manuel Francisco Simas Rainha\" \/>\n<meta property=\"article:modified_time\" content=\"2024-05-28T18:00:40+00:00\" \/>\n<meta name=\"twitter:card\" content=\"summary_large_image\" \/>\n<meta name=\"twitter:label1\" content=\"Est. reading time\">\n\t<meta name=\"twitter:data1\" content=\"1 minuto\">\n<script type=\"application\/ld+json\" class=\"yoast-schema-graph\">{\"@context\":\"https:\/\/schema.org\",\"@graph\":[{\"@type\":\"WebSite\",\"@id\":\"https:\/\/manuelrainha.pt\/#website\",\"url\":\"https:\/\/manuelrainha.pt\/\",\"name\":\"Manuel Francisco Simas Rainha\",\"description\":\"\",\"potentialAction\":[{\"@type\":\"SearchAction\",\"target\":\"https:\/\/manuelrainha.pt\/?s={search_term_string}\",\"query-input\":\"required name=search_term_string\"}],\"inLanguage\":\"pt-PT\"},{\"@type\":\"WebPage\",\"@id\":\"https:\/\/manuelrainha.pt\/es\/visitantes\/#webpage\",\"url\":\"https:\/\/manuelrainha.pt\/es\/visitantes\/\",\"name\":\"Visitantes - Manuel Francisco Simas Rainha\",\"isPartOf\":{\"@id\":\"https:\/\/manuelrainha.pt\/#website\"},\"datePublished\":\"2024-02-13T11:56:59+00:00\",\"dateModified\":\"2024-05-28T18:00:40+00:00\",\"inLanguage\":\"pt-PT\",\"potentialAction\":[{\"@type\":\"ReadAction\",\"target\":[\"https:\/\/manuelrainha.pt\/es\/visitantes\/\"]}]}]}<\/script>\n<!-- \/ Yoast SEO plugin. -->","_links":{"self":[{"href":"https:\/\/manuelrainha.pt\/es\/wp-json\/wp\/v2\/pages\/9063"}],"collection":[{"href":"https:\/\/manuelrainha.pt\/es\/wp-json\/wp\/v2\/pages"}],"about":[{"href":"https:\/\/manuelrainha.pt\/es\/wp-json\/wp\/v2\/types\/page"}],"author":[{"embeddable":true,"href":"https:\/\/manuelrainha.pt\/es\/wp-json\/wp\/v2\/users\/2"}],"replies":[{"embeddable":true,"href":"https:\/\/manuelrainha.pt\/es\/wp-json\/wp\/v2\/comments?post=9063"}],"version-history":[{"count":8,"href":"https:\/\/manuelrainha.pt\/es\/wp-json\/wp\/v2\/pages\/9063\/revisions"}],"predecessor-version":[{"id":9294,"href":"https:\/\/manuelrainha.pt\/es\/wp-json\/wp\/v2\/pages\/9063\/revisions\/9294"}],"wp:attachment":[{"href":"https:\/\/manuelrainha.pt\/es\/wp-json\/wp\/v2\/media?parent=9063"}],"curies":[{"name":"wp","href":"https:\/\/api.w.org\/{rel}","templated":true}]}}