{"id":6140,"date":"2024-01-19T15:31:29","date_gmt":"2024-01-19T15:31:29","guid":{"rendered":"http:\/\/manuelrainha.pt\/es\/product\/t-quila-spirit-drink-70-cl-35\/"},"modified":"2024-01-19T15:31:52","modified_gmt":"2024-01-19T15:31:52","slug":"tequila","status":"publish","type":"product","link":"https:\/\/manuelrainha.pt\/es\/product\/tequila\/","title":{"rendered":"T-Quila Spirit Drink 70 cl 35%"},"content":{"rendered":"<p>Destilado ideal para as suas festas e conv\u00edvios. \u00c9 um produto econ\u00f3mico para consumo em shot ou para utiliza\u00e7\u00e3o em cocktails diversos.<\/p>\n","protected":false},"excerpt":{"rendered":"<p>Destilado ideal para as suas festas e conv\u00edvios. \u00c9 um produto econ\u00f3mico para consumo em shot ou para utiliza\u00e7\u00e3o em cocktails diversos.<\/p>\n","protected":false},"featured_media":8873,"template":"","meta":[],"product_marca":[130],"product_location":[154],"yoast_head":"<!-- This site is optimized with the Yoast SEO plugin v15.7 - https:\/\/yoast.com\/wordpress\/plugins\/seo\/ -->\n<title>Tequila - Bebida espirituosa - Manuel Francisco Simas Rainha<\/title>\n<meta name=\"description\" content=\"A tequila \u00e9 uma bebida destilada excelente para consumo em shot juntamente com gelo e lim\u00e3o ou para utiliza\u00e7\u00e3o em cocktails diversos.\" \/>\n<meta name=\"robots\" content=\"index, follow, max-snippet:-1, max-image-preview:large, max-video-preview:-1\" \/>\n<link rel=\"canonical\" href=\"https:\/\/manuelrainha.pt\/product\/tequila\/\" \/>\n<meta property=\"og:locale\" content=\"es_ES\" \/>\n<meta property=\"og:type\" content=\"article\" \/>\n<meta property=\"og:title\" content=\"Tequila - Bebida espirituosa - Manuel Francisco Simas Rainha\" \/>\n<meta property=\"og:description\" content=\"A tequila \u00e9 uma bebida destilada excelente para consumo em shot juntamente com gelo e lim\u00e3o ou para utiliza\u00e7\u00e3o em cocktails diversos.\" \/>\n<meta property=\"og:url\" content=\"https:\/\/manuelrainha.pt\/product\/tequila\/\" \/>\n<meta property=\"og:site_name\" content=\"Manuel Francisco Simas Rainha\" \/>\n<meta property=\"article:modified_time\" content=\"2024-01-19T15:31:52+00:00\" \/>\n<meta property=\"og:image\" content=\"https:\/\/manuelrainha.pt\/wp-content\/uploads\/imagens\/38-683x1024.png\" \/>\n\t<meta property=\"og:image:width\" content=\"683\" \/>\n\t<meta property=\"og:image:height\" content=\"1024\" \/>\n<meta name=\"twitter:card\" content=\"summary_large_image\" \/>\n<script type=\"application\/ld+json\" class=\"yoast-schema-graph\">{\"@context\":\"https:\/\/schema.org\",\"@graph\":[{\"@type\":\"WebSite\",\"@id\":\"https:\/\/manuelrainha.pt\/#website\",\"url\":\"https:\/\/manuelrainha.pt\/\",\"name\":\"Manuel Francisco Simas Rainha\",\"description\":\"\",\"potentialAction\":[{\"@type\":\"SearchAction\",\"target\":\"https:\/\/manuelrainha.pt\/?s={search_term_string}\",\"query-input\":\"required name=search_term_string\"}],\"inLanguage\":\"pt-PT\"},{\"@type\":\"ImageObject\",\"@id\":\"https:\/\/manuelrainha.pt\/product\/tequila\/#primaryimage\",\"inLanguage\":\"pt-PT\",\"url\":\"https:\/\/manuelrainha.pt\/wp-content\/uploads\/imagens\/38.png\",\"width\":4000,\"height\":6000},{\"@type\":\"WebPage\",\"@id\":\"https:\/\/manuelrainha.pt\/product\/tequila\/#webpage\",\"url\":\"https:\/\/manuelrainha.pt\/product\/tequila\/\",\"name\":\"Tequila - Bebida espirituosa - Manuel Francisco Simas Rainha\",\"isPartOf\":{\"@id\":\"https:\/\/manuelrainha.pt\/#website\"},\"primaryImageOfPage\":{\"@id\":\"https:\/\/manuelrainha.pt\/product\/tequila\/#primaryimage\"},\"datePublished\":\"2024-01-19T15:31:29+00:00\",\"dateModified\":\"2024-01-19T15:31:52+00:00\",\"description\":\"A tequila \\u00e9 uma bebida destilada excelente para consumo em shot juntamente com gelo e lim\\u00e3o ou para utiliza\\u00e7\\u00e3o em cocktails diversos.\",\"inLanguage\":\"pt-PT\",\"potentialAction\":[{\"@type\":\"ReadAction\",\"target\":[\"https:\/\/manuelrainha.pt\/product\/tequila\/\"]}]}]}<\/script>\n<!-- \/ Yoast SEO plugin. -->","_links":{"self":[{"href":"https:\/\/manuelrainha.pt\/es\/wp-json\/wp\/v2\/product\/6140"}],"collection":[{"href":"https:\/\/manuelrainha.pt\/es\/wp-json\/wp\/v2\/product"}],"about":[{"href":"https:\/\/manuelrainha.pt\/es\/wp-json\/wp\/v2\/types\/product"}],"wp:featuredmedia":[{"embeddable":true,"href":"https:\/\/manuelrainha.pt\/es\/wp-json\/wp\/v2\/media\/8873"}],"wp:attachment":[{"href":"https:\/\/manuelrainha.pt\/es\/wp-json\/wp\/v2\/media?parent=6140"}],"wp:term":[{"taxonomy":"product_marca","embeddable":true,"href":"https:\/\/manuelrainha.pt\/es\/wp-json\/wp\/v2\/product_marca?post=6140"},{"taxonomy":"product_location","embeddable":true,"href":"https:\/\/manuelrainha.pt\/es\/wp-json\/wp\/v2\/product_location?post=6140"}],"curies":[{"name":"wp","href":"https:\/\/api.w.org\/{rel}","templated":true}]}}