{"id":6146,"date":"2025-02-01T09:25:52","date_gmt":"2025-02-01T09:25:52","guid":{"rendered":"http:\/\/manuelrainha.pt\/es\/product\/licor-de-anis-com-aguardente-33-1l\/"},"modified":"2025-02-01T09:26:16","modified_gmt":"2025-02-01T09:26:16","slug":"licor-anis","status":"publish","type":"product","link":"https:\/\/manuelrainha.pt\/es\/product\/licor-anis\/","title":{"rendered":"Licor de Anis Real com aguardente 33% 1L"},"content":{"rendered":"<p>O licor de anis Real tamb\u00e9m \u00e9 preparado com aguardente v\u00ednica, ao inv\u00e9s do habitual \u00e1lcool agr\u00edcola. Nesta vers\u00e3o, a infus\u00e3o de funcho \u00e9 combiada com aguardente v\u00ednica destilada na regi\u00e3o e a\u00e7\u00facar para um teor alco\u00f3lico de 33%, formato consumido essencialmente por apreciadores de bebidas aguardentadas e mais fortes. Este formato surgiu nos \u00faltimos anos, pela necessidade do canal Horeca local ter uma mistura preparada resultante da combina\u00e7\u00e3o de partes iguais de anis com ramo e aguardente v\u00ednica. normalmente para consumidores que procuram um anis menos doce e com maior teor alco\u00f3lico. Agora j\u00e1 n\u00e3o precisa da mistura. J\u00e1 o pode comprar preparado.<\/p>\n","protected":false},"excerpt":{"rendered":"<p>O licor de anis Real tamb\u00e9m \u00e9 preparado com aguardente v\u00ednica, ao inv\u00e9s do habitual \u00e1lcool agr\u00edcola. Nesta vers\u00e3o, a infus\u00e3o de funcho \u00e9 combiada com aguardente v\u00ednica destilada na [&hellip;]<\/p>\n","protected":false},"featured_media":9429,"template":"","meta":[],"product_marca":[126],"product_location":[154],"yoast_head":"<!-- This site is optimized with the Yoast SEO plugin v15.7 - https:\/\/yoast.com\/wordpress\/plugins\/seo\/ -->\n<title>Licor Anis Real com aguardente 1L - Manuel Francisco Simas Rainha<\/title>\n<meta name=\"description\" content=\"O Licor de Anis Real com Aguardente \u00e9 preparado com aguardente v\u00ednica. Bom para os apreciadores de uma bebida mais forte e menos doce.\" \/>\n<meta name=\"robots\" content=\"index, follow, max-snippet:-1, max-image-preview:large, max-video-preview:-1\" \/>\n<link rel=\"canonical\" href=\"https:\/\/manuelrainha.pt\/product\/licor-anis\/\" \/>\n<meta property=\"og:locale\" content=\"es_ES\" \/>\n<meta property=\"og:type\" content=\"article\" \/>\n<meta property=\"og:title\" content=\"Licor Anis Real com aguardente 1L - Manuel Francisco Simas Rainha\" \/>\n<meta property=\"og:description\" content=\"O Licor de Anis Real com Aguardente \u00e9 preparado com aguardente v\u00ednica. Bom para os apreciadores de uma bebida mais forte e menos doce.\" \/>\n<meta property=\"og:url\" content=\"https:\/\/manuelrainha.pt\/product\/licor-anis\/\" \/>\n<meta property=\"og:site_name\" content=\"Manuel Francisco Simas Rainha\" \/>\n<meta property=\"article:modified_time\" content=\"2025-02-01T09:26:16+00:00\" \/>\n<meta property=\"og:image\" content=\"https:\/\/manuelrainha.pt\/wp-content\/uploads\/imagens\/39-683x1024.png\" \/>\n\t<meta property=\"og:image:width\" content=\"683\" \/>\n\t<meta property=\"og:image:height\" content=\"1024\" \/>\n<meta name=\"twitter:card\" content=\"summary_large_image\" \/>\n<meta name=\"twitter:label1\" content=\"Est. reading time\">\n\t<meta name=\"twitter:data1\" content=\"1 minuto\">\n<script type=\"application\/ld+json\" class=\"yoast-schema-graph\">{\"@context\":\"https:\/\/schema.org\",\"@graph\":[{\"@type\":\"WebSite\",\"@id\":\"https:\/\/manuelrainha.pt\/#website\",\"url\":\"https:\/\/manuelrainha.pt\/\",\"name\":\"Manuel Francisco Simas Rainha\",\"description\":\"\",\"potentialAction\":[{\"@type\":\"SearchAction\",\"target\":\"https:\/\/manuelrainha.pt\/?s={search_term_string}\",\"query-input\":\"required name=search_term_string\"}],\"inLanguage\":\"pt-PT\"},{\"@type\":\"ImageObject\",\"@id\":\"https:\/\/manuelrainha.pt\/product\/licor-anis\/#primaryimage\",\"inLanguage\":\"pt-PT\",\"url\":\"https:\/\/manuelrainha.pt\/wp-content\/uploads\/imagens\/39.png\",\"width\":4000,\"height\":6000},{\"@type\":\"WebPage\",\"@id\":\"https:\/\/manuelrainha.pt\/product\/licor-anis\/#webpage\",\"url\":\"https:\/\/manuelrainha.pt\/product\/licor-anis\/\",\"name\":\"Licor Anis Real com aguardente 1L - Manuel Francisco Simas Rainha\",\"isPartOf\":{\"@id\":\"https:\/\/manuelrainha.pt\/#website\"},\"primaryImageOfPage\":{\"@id\":\"https:\/\/manuelrainha.pt\/product\/licor-anis\/#primaryimage\"},\"datePublished\":\"2025-02-01T09:25:52+00:00\",\"dateModified\":\"2025-02-01T09:26:16+00:00\",\"description\":\"O Licor de Anis Real com Aguardente \\u00e9 preparado com aguardente v\\u00ednica. Bom para os apreciadores de uma bebida mais forte e menos doce.\",\"inLanguage\":\"pt-PT\",\"potentialAction\":[{\"@type\":\"ReadAction\",\"target\":[\"https:\/\/manuelrainha.pt\/product\/licor-anis\/\"]}]}]}<\/script>\n<!-- \/ Yoast SEO plugin. -->","_links":{"self":[{"href":"https:\/\/manuelrainha.pt\/es\/wp-json\/wp\/v2\/product\/6146"}],"collection":[{"href":"https:\/\/manuelrainha.pt\/es\/wp-json\/wp\/v2\/product"}],"about":[{"href":"https:\/\/manuelrainha.pt\/es\/wp-json\/wp\/v2\/types\/product"}],"wp:featuredmedia":[{"embeddable":true,"href":"https:\/\/manuelrainha.pt\/es\/wp-json\/wp\/v2\/media\/9429"}],"wp:attachment":[{"href":"https:\/\/manuelrainha.pt\/es\/wp-json\/wp\/v2\/media?parent=6146"}],"wp:term":[{"taxonomy":"product_marca","embeddable":true,"href":"https:\/\/manuelrainha.pt\/es\/wp-json\/wp\/v2\/product_marca?post=6146"},{"taxonomy":"product_location","embeddable":true,"href":"https:\/\/manuelrainha.pt\/es\/wp-json\/wp\/v2\/product_location?post=6146"}],"curies":[{"name":"wp","href":"https:\/\/api.w.org\/{rel}","templated":true}]}}