{"id":6182,"date":"2026-01-27T20:25:01","date_gmt":"2026-01-27T20:25:01","guid":{"rendered":"http:\/\/manuelrainha.pt\/es\/product\/lic-moscoff-black-70-cl-20\/"},"modified":"2026-02-03T10:45:55","modified_gmt":"2026-02-03T10:45:55","slug":"vodka-preta","status":"publish","type":"product","link":"https:\/\/manuelrainha.pt\/es\/product\/vodka-preta\/","title":{"rendered":"Licor Moscoff Black 70 cl 20%"},"content":{"rendered":"<p>Moscoff Black \u00e9 um licor de frutos silvestes e vodka ideal para as suas festas e conv\u00edvios. \u00c9 um formato econ\u00f3mico, e pr\u00e1tico que deve utilizar para a confe\u00e7\u00e3o dos seus cocktails de festa.<\/p>\n","protected":false},"excerpt":{"rendered":"<p>Moscoff Black \u00e9 um licor de frutos silvestes e vodka ideal para as suas festas e conv\u00edvios. \u00c9 um formato econ\u00f3mico, e pr\u00e1tico que deve utilizar para a confe\u00e7\u00e3o dos [&hellip;]<\/p>\n","protected":false},"featured_media":9741,"template":"","meta":[],"product_marca":[131],"product_location":[154],"yoast_head":"<!-- This site is optimized with the Yoast SEO plugin v15.7 - https:\/\/yoast.com\/wordpress\/plugins\/seo\/ -->\n<title>Vodka preta 70cl - Manuel Francisco Simas Rainha<\/title>\n<meta name=\"description\" content=\"A vodka preta \u00e9 um licor de frutos silvestres econ\u00f3mico e perfeito para fazer conv\u00edvios. Pode ser consumida pura ou em cocktails.\" \/>\n<meta name=\"robots\" content=\"index, follow, max-snippet:-1, max-image-preview:large, max-video-preview:-1\" \/>\n<link rel=\"canonical\" href=\"https:\/\/manuelrainha.pt\/es\/product\/vodka-preta\/\" \/>\n<meta property=\"og:locale\" content=\"es_ES\" \/>\n<meta property=\"og:type\" content=\"article\" \/>\n<meta property=\"og:title\" content=\"Vodka preta 70cl - Manuel Francisco Simas Rainha\" \/>\n<meta property=\"og:description\" content=\"A vodka preta \u00e9 um licor de frutos silvestres econ\u00f3mico e perfeito para fazer conv\u00edvios. Pode ser consumida pura ou em cocktails.\" \/>\n<meta property=\"og:url\" content=\"https:\/\/manuelrainha.pt\/es\/product\/vodka-preta\/\" \/>\n<meta property=\"og:site_name\" content=\"Manuel Francisco Simas Rainha\" \/>\n<meta property=\"article:modified_time\" content=\"2026-02-03T10:45:55+00:00\" \/>\n<meta property=\"og:image\" content=\"https:\/\/manuelrainha.pt\/wp-content\/uploads\/imagens\/167-683x1024.png\" \/>\n\t<meta property=\"og:image:width\" content=\"683\" \/>\n\t<meta property=\"og:image:height\" content=\"1024\" \/>\n<meta name=\"twitter:card\" content=\"summary_large_image\" \/>\n<script type=\"application\/ld+json\" class=\"yoast-schema-graph\">{\"@context\":\"https:\/\/schema.org\",\"@graph\":[{\"@type\":\"WebSite\",\"@id\":\"https:\/\/manuelrainha.pt\/#website\",\"url\":\"https:\/\/manuelrainha.pt\/\",\"name\":\"Manuel Francisco Simas Rainha\",\"description\":\"\",\"potentialAction\":[{\"@type\":\"SearchAction\",\"target\":\"https:\/\/manuelrainha.pt\/?s={search_term_string}\",\"query-input\":\"required name=search_term_string\"}],\"inLanguage\":\"pt-PT\"},{\"@type\":\"ImageObject\",\"@id\":\"https:\/\/manuelrainha.pt\/es\/product\/vodka-preta\/#primaryimage\",\"inLanguage\":\"pt-PT\",\"url\":\"https:\/\/manuelrainha.pt\/wp-content\/uploads\/imagens\/167.png\",\"width\":4000,\"height\":6000},{\"@type\":\"WebPage\",\"@id\":\"https:\/\/manuelrainha.pt\/es\/product\/vodka-preta\/#webpage\",\"url\":\"https:\/\/manuelrainha.pt\/es\/product\/vodka-preta\/\",\"name\":\"Vodka preta 70cl - Manuel Francisco Simas Rainha\",\"isPartOf\":{\"@id\":\"https:\/\/manuelrainha.pt\/#website\"},\"primaryImageOfPage\":{\"@id\":\"https:\/\/manuelrainha.pt\/es\/product\/vodka-preta\/#primaryimage\"},\"datePublished\":\"2026-01-27T20:25:01+00:00\",\"dateModified\":\"2026-02-03T10:45:55+00:00\",\"description\":\"A vodka preta \\u00e9 um licor de frutos silvestres econ\\u00f3mico e perfeito para fazer conv\\u00edvios. Pode ser consumida pura ou em cocktails.\",\"inLanguage\":\"pt-PT\",\"potentialAction\":[{\"@type\":\"ReadAction\",\"target\":[\"https:\/\/manuelrainha.pt\/es\/product\/vodka-preta\/\"]}]}]}<\/script>\n<!-- \/ Yoast SEO plugin. -->","_links":{"self":[{"href":"https:\/\/manuelrainha.pt\/es\/wp-json\/wp\/v2\/product\/6182"}],"collection":[{"href":"https:\/\/manuelrainha.pt\/es\/wp-json\/wp\/v2\/product"}],"about":[{"href":"https:\/\/manuelrainha.pt\/es\/wp-json\/wp\/v2\/types\/product"}],"wp:featuredmedia":[{"embeddable":true,"href":"https:\/\/manuelrainha.pt\/es\/wp-json\/wp\/v2\/media\/9741"}],"wp:attachment":[{"href":"https:\/\/manuelrainha.pt\/es\/wp-json\/wp\/v2\/media?parent=6182"}],"wp:term":[{"taxonomy":"product_marca","embeddable":true,"href":"https:\/\/manuelrainha.pt\/es\/wp-json\/wp\/v2\/product_marca?post=6182"},{"taxonomy":"product_location","embeddable":true,"href":"https:\/\/manuelrainha.pt\/es\/wp-json\/wp\/v2\/product_location?post=6182"}],"curies":[{"name":"wp","href":"https:\/\/api.w.org\/{rel}","templated":true}]}}