{"id":7484,"date":"2022-12-07T15:28:31","date_gmt":"2022-12-07T15:28:31","guid":{"rendered":"https:\/\/manuelrainha.pt\/es\/product\/vodka-moscoff-premium-375-70-cl\/"},"modified":"2026-01-21T10:35:15","modified_gmt":"2026-01-21T10:35:15","slug":"vodka-moscoff-premium-375-70-cl","status":"publish","type":"product","link":"https:\/\/manuelrainha.pt\/es\/product\/vodka-moscoff-premium-375-70-cl\/","title":{"rendered":"Vodka Moscoff Premium 37,5% 70 cl"},"content":{"rendered":"<p>Moscoff \u00e9 uma vodka destilada e filtrada de acordo com elevados padr\u00f5es de qualidade. \u00c9 uma vodka\u00a0 ideal para as suas festas e conv\u00edvios. \u00c9 um formato econ\u00f3mico, e pr\u00e1tico que deve utilizar para a confe\u00e7\u00e3o dos seus cocktails e caipirinhas.<\/p>\n","protected":false},"excerpt":{"rendered":"<p>Moscoff \u00e9 uma vodka destilada e filtrada de acordo com elevados padr\u00f5es de qualidade. \u00c9 uma vodka\u00a0 ideal para as suas festas e conv\u00edvios. \u00c9 um formato econ\u00f3mico, e pr\u00e1tico [&hellip;]<\/p>\n","protected":false},"featured_media":9617,"template":"","meta":[],"product_marca":[131],"product_location":[],"yoast_head":"<!-- This site is optimized with the Yoast SEO plugin v15.7 - https:\/\/yoast.com\/wordpress\/plugins\/seo\/ -->\n<title>Vodka Moscoff Premium 37,5% 70 cl - Manuel Francisco Simas Rainha<\/title>\n<meta name=\"robots\" content=\"index, follow, max-snippet:-1, max-image-preview:large, max-video-preview:-1\" \/>\n<link rel=\"canonical\" href=\"https:\/\/manuelrainha.pt\/es\/product\/vodka-moscoff-premium-375-70-cl\/\" \/>\n<meta property=\"og:locale\" content=\"es_ES\" \/>\n<meta property=\"og:type\" content=\"article\" \/>\n<meta property=\"og:title\" content=\"Vodka Moscoff Premium 37,5% 70 cl - Manuel Francisco Simas Rainha\" \/>\n<meta property=\"og:description\" content=\"Moscoff \u00e9 uma vodka destilada e filtrada de acordo com elevados padr\u00f5es de qualidade. \u00c9 uma vodka\u00a0 ideal para as suas festas e conv\u00edvios. \u00c9 um formato econ\u00f3mico, e pr\u00e1tico [&hellip;]\" \/>\n<meta property=\"og:url\" content=\"https:\/\/manuelrainha.pt\/es\/product\/vodka-moscoff-premium-375-70-cl\/\" \/>\n<meta property=\"og:site_name\" content=\"Manuel Francisco Simas Rainha\" \/>\n<meta property=\"article:modified_time\" content=\"2026-01-21T10:35:15+00:00\" \/>\n<meta name=\"twitter:card\" content=\"summary_large_image\" \/>\n<script type=\"application\/ld+json\" class=\"yoast-schema-graph\">{\"@context\":\"https:\/\/schema.org\",\"@graph\":[{\"@type\":\"WebSite\",\"@id\":\"https:\/\/manuelrainha.pt\/#website\",\"url\":\"https:\/\/manuelrainha.pt\/\",\"name\":\"Manuel Francisco Simas Rainha\",\"description\":\"\",\"potentialAction\":[{\"@type\":\"SearchAction\",\"target\":\"https:\/\/manuelrainha.pt\/?s={search_term_string}\",\"query-input\":\"required name=search_term_string\"}],\"inLanguage\":\"pt-PT\"},{\"@type\":\"ImageObject\",\"@id\":\"https:\/\/manuelrainha.pt\/es\/product\/vodka-moscoff-premium-375-70-cl\/#primaryimage\",\"inLanguage\":\"pt-PT\",\"url\":\"https:\/\/manuelrainha.pt\/wp-content\/uploads\/2026\/01\/912.png\",\"width\":4000,\"height\":6000},{\"@type\":\"WebPage\",\"@id\":\"https:\/\/manuelrainha.pt\/es\/product\/vodka-moscoff-premium-375-70-cl\/#webpage\",\"url\":\"https:\/\/manuelrainha.pt\/es\/product\/vodka-moscoff-premium-375-70-cl\/\",\"name\":\"Vodka Moscoff Premium 37,5% 70 cl - Manuel Francisco Simas Rainha\",\"isPartOf\":{\"@id\":\"https:\/\/manuelrainha.pt\/#website\"},\"primaryImageOfPage\":{\"@id\":\"https:\/\/manuelrainha.pt\/es\/product\/vodka-moscoff-premium-375-70-cl\/#primaryimage\"},\"datePublished\":\"2022-12-07T15:28:31+00:00\",\"dateModified\":\"2026-01-21T10:35:15+00:00\",\"inLanguage\":\"pt-PT\",\"potentialAction\":[{\"@type\":\"ReadAction\",\"target\":[\"https:\/\/manuelrainha.pt\/es\/product\/vodka-moscoff-premium-375-70-cl\/\"]}]}]}<\/script>\n<!-- \/ Yoast SEO plugin. -->","_links":{"self":[{"href":"https:\/\/manuelrainha.pt\/es\/wp-json\/wp\/v2\/product\/7484"}],"collection":[{"href":"https:\/\/manuelrainha.pt\/es\/wp-json\/wp\/v2\/product"}],"about":[{"href":"https:\/\/manuelrainha.pt\/es\/wp-json\/wp\/v2\/types\/product"}],"wp:featuredmedia":[{"embeddable":true,"href":"https:\/\/manuelrainha.pt\/es\/wp-json\/wp\/v2\/media\/9617"}],"wp:attachment":[{"href":"https:\/\/manuelrainha.pt\/es\/wp-json\/wp\/v2\/media?parent=7484"}],"wp:term":[{"taxonomy":"product_marca","embeddable":true,"href":"https:\/\/manuelrainha.pt\/es\/wp-json\/wp\/v2\/product_marca?post=7484"},{"taxonomy":"product_location","embeddable":true,"href":"https:\/\/manuelrainha.pt\/es\/wp-json\/wp\/v2\/product_location?post=7484"}],"curies":[{"name":"wp","href":"https:\/\/api.w.org\/{rel}","templated":true}]}}